{"id":2661,"date":"2018-06-28T08:19:18","date_gmt":"2018-06-28T08:19:18","guid":{"rendered":"https:\/\/wpcustomisatio.wpengine.com\/?page_id=2661"},"modified":"2023-11-15T16:39:24","modified_gmt":"2023-11-15T16:39:24","slug":"privacy-policy","status":"publish","type":"page","link":"https:\/\/www.canfrareibiza.com\/ca\/privacy-policy\/","title":{"rendered":"Pol\u00edtica de privacitat"},"content":{"rendered":"<div data-elementor-type=\"wp-page\" data-elementor-id=\"2661\" class=\"elementor elementor-2661\" data-elementor-post-type=\"page\">\n\t\t\t\t<div class=\"elementor-element elementor-element-73dc6bb1 e-flex e-con-boxed e-con e-parent\" data-id=\"73dc6bb1\" data-element_type=\"container\" data-e-type=\"container\">\n\t\t\t\t\t<div class=\"e-con-inner\">\n\t\t\t\t<div class=\"elementor-element elementor-element-6e5072dc elementor-widget elementor-widget-text-editor\" data-id=\"6e5072dc\" data-element_type=\"widget\" data-e-type=\"widget\" data-widget_type=\"text-editor.default\">\n\t\t\t\t<div class=\"elementor-widget-container\">\n\t\t\t\t\t\t\t\t\t<h1>Pol\u00edtica de privacitat<\/h1><p>Aquesta informaci\u00f3 \u00e9s actual a partir del 18 de maig de 2018 i s'actualitzar\u00e0 peri\u00f2dicament, aix\u00ed que si us plau, reviseu aquesta p\u00e0gina si voleu informaci\u00f3 actual. Aquesta p\u00e0gina estableix la pol\u00edtica de privadesa desenvolupada per www.canfrareiibiza.com.<\/p><h3>Qui som<\/h3><p>L'adre\u00e7a de la nostra p\u00e0gina web \u00e9s: https:\/\/www.canfrareibiza.com.<\/p><h3>La nostra informaci\u00f3 de contact<\/h3><p>Cami Sa Vorera, 13, 07800 San Antonio, Ibiza, Spain<br \/>Email Address: info@canfrareibiza.com<\/p><h3>Quines dades personals recollim i per qu\u00e8 les recollim<\/h3><p>Rebem dades personals dels enviaments de formularis per tal de comunicar-nos amb vost\u00e8 un cop ens hagis contactat, com ara el nom, els cognoms, l'adre\u00e7a de correu electr\u00f2nic i el n\u00famero de tel\u00e8fon. Informaci\u00f3 IP que rebem de les galetes per a google analytics perqu\u00e8 puguem analitzar i millorar el nostre lloc web.<\/p><h3>Formularis de contacte<\/h3><p>Si voleu contactar amb nosaltres mitjan\u00e7ant el formulari de contacte del nostre lloc web, us demanar\u00e0 el vostre nom, correu electr\u00f2nic i n\u00famero de tel\u00e8fon. Emmagatzemem els correus electr\u00f2nics que rebem en una carpeta xifrada. En enviar-nos un correu electr\u00f2nic mitjan\u00e7ant aquest formulari, accepteu que www.canfrareibiza.com reculli i emmagatzemi les vostres dades d'aquest formulari.<\/p><h3>Galetes<\/h3><p>Si us plau, reviseu la nostra pol\u00edtica de cookies <a href=\"https:\/\/www.canfrareibiza.com\/ca\/cookie-policy\/\">here<\/a>.<\/p><h3>Anal\u00edtica<\/h3><p>Utilitzem Google Analytics per revisar el tr\u00e0nsit web, no la informaci\u00f3 personal sobre una persona. La retenci\u00f3 de dades d'usuaris i d'esdeveniments de Google Analytics s'estableix en 14 mesos i est\u00e0 configurada per restablir-se en una activitat nova. Podeu trobar la pol\u00edtica de privadesa de Google Analytics <a href=\"https:\/\/policies.google.com\/privacy\" target=\"_blank\" rel=\"noopener noreferrer\">here<\/a>. Podeu obtenir m\u00e9s informaci\u00f3 sobre com desactivar el seguiment a Google Analytics\u00a0<a href=\"https:\/\/tools.google.com\/dlpage\/gaoptout\/\" target=\"_blank\" rel=\"noopener noreferrer\">here<\/a>.<\/p><h3>Contingut incrustat d'altres llocs web<\/h3><p>Els articles d'aquest lloc poden incloure contingut incrustat (per exemple, v\u00eddeos, imatges, articles, etc.). El contingut incrustat d'altres llocs web es comporta exactament de la mateixa manera que si el visitant hagu\u00e9s visitat l'altre lloc web. Aquests llocs web poden recopilar dades sobre vost\u00e8, utilitzar galetes, incrustar un seguiment addicional de tercers i supervisar la seva interacci\u00f3 amb aquest contingut incrustat, incl\u00f2s el seguiment de la seva interacci\u00f3 amb el contingut incrustat si teniu un compte i heu iniciat sessi\u00f3 en aquest lloc web.<\/p><h3>Enlla\u00e7os de tercers<\/h3><p>El nostre lloc web inclou hiperenlla\u00e7os a altres llocs web, aix\u00ed que si us plau, reviseu la pol\u00edtica de privadesa i de galetes de cada lloc web on feu clic. \u00c9s responsabilitat vostra comprovar els avisos de privadesa d'aquests llocs web externs.<\/p><h3>Seguretat de dades<\/h3><p>Ens comprometem a garantir que la vostra informaci\u00f3 sigui segura. Per evitar l'acc\u00e9s o la divulgaci\u00f3 no autoritzats, hem establert procediments f\u00edsics, electr\u00f2nics i de gesti\u00f3 adequats per salvaguardar i protegir la informaci\u00f3 que recollim en l\u00ednia.<\/p><h3>Els vostres drets pel que fa a la vostra informaci\u00f3 personal<\/h3><p>Si pr\u00e8viament heu acceptat que utilitzem la vostra informaci\u00f3 personal amb finalitats de m\u00e0rqueting directe, podeu canviar d'opini\u00f3 en qualsevol moment escrivint-nos o enviant-nos un correu electr\u00f2nic a info@canfrareibiza.com.<\/p><p>Pots sol\u00b7licitar l'acc\u00e9s a les dades personals que tenim sobre tu posant-te en contacte amb nosaltres a info@canfrareiibiza.com. Teniu dret a indicar-nos si voleu retirar el vostre consentiment, corregir, actualitzar o eliminar les vostres dades personals dels nostres registres.<\/p><p>No vendrem, distribuirem ni llogarem la vostra informaci\u00f3 personal a tercers tret que tinguem el vostre perm\u00eds o estiguem obligats per llei a fer-ho.<\/p>\t\t\t\t\t\t\t\t<\/div>\n\t\t\t\t<\/div>\n\t\t\t\t\t<\/div>\n\t\t\t\t<\/div>\n\t\t\t\t<\/div>","protected":false},"excerpt":{"rendered":"<p>Privacy Policy This information is current as of 18th May 2018 and will be updated on a regular basis so please review this page if you would like current information. This page sets out the privacy policy undertaken by www.canfrareibiza.com. Who we are Our website address is: https:\/\/www.canfrareibiza.com. Our contact information Cami Sa Vorera, 13, [&hellip;]<\/p>\n","protected":false},"author":1,"featured_media":0,"parent":0,"menu_order":0,"comment_status":"closed","ping_status":"closed","template":"elementor_header_footer","meta":{"footnotes":""},"class_list":["post-2661","page","type-page","status-publish","hentry"],"_links":{"self":[{"href":"https:\/\/www.canfrareibiza.com\/ca\/wp-json\/wp\/v2\/pages\/2661","targetHints":{"allow":["GET"]}}],"collection":[{"href":"https:\/\/www.canfrareibiza.com\/ca\/wp-json\/wp\/v2\/pages"}],"about":[{"href":"https:\/\/www.canfrareibiza.com\/ca\/wp-json\/wp\/v2\/types\/page"}],"author":[{"embeddable":true,"href":"https:\/\/www.canfrareibiza.com\/ca\/wp-json\/wp\/v2\/users\/1"}],"replies":[{"embeddable":true,"href":"https:\/\/www.canfrareibiza.com\/ca\/wp-json\/wp\/v2\/comments?post=2661"}],"version-history":[{"count":0,"href":"https:\/\/www.canfrareibiza.com\/ca\/wp-json\/wp\/v2\/pages\/2661\/revisions"}],"wp:attachment":[{"href":"https:\/\/www.canfrareibiza.com\/ca\/wp-json\/wp\/v2\/media?parent=2661"}],"curies":[{"name":"wp","href":"https:\/\/api.w.org\/{rel}","templated":true}]}}