{"id":2662,"date":"2018-06-28T08:20:35","date_gmt":"2018-06-28T08:20:35","guid":{"rendered":"https:\/\/wpcustomisatio.wpengine.com\/?page_id=2662"},"modified":"2023-10-22T09:56:58","modified_gmt":"2023-10-22T09:56:58","slug":"cookie-policy","status":"publish","type":"page","link":"https:\/\/www.canfrareibiza.com\/fr\/cookie-policy\/","title":{"rendered":"Politique en mati\u00e8re de cookies"},"content":{"rendered":"<div data-elementor-type=\"wp-page\" data-elementor-id=\"2662\" class=\"elementor elementor-2662\" data-elementor-post-type=\"page\">\n\t\t\t\t<div class=\"elementor-element elementor-element-39a8701f e-flex e-con-boxed e-con e-parent\" data-id=\"39a8701f\" data-element_type=\"container\" data-e-type=\"container\">\n\t\t\t\t\t<div class=\"e-con-inner\">\n\t\t\t\t<div class=\"elementor-element elementor-element-7944eedd elementor-widget elementor-widget-text-editor\" data-id=\"7944eedd\" data-element_type=\"widget\" data-e-type=\"widget\" data-widget_type=\"text-editor.default\">\n\t\t\t\t<div class=\"elementor-widget-container\">\n\t\t\t\t\t\t\t\t\t<h1>Politique en mati\u00e8re de cookies<\/h1>\n<h2>comment notre site web utilise les cookies<\/h2>\nUn cookie est un petit fichier qui demande la permission d'\u00eatre plac\u00e9 sur le disque dur de votre ordinateur. Une fois que vous avez accept\u00e9, le fichier est ajout\u00e9. Ce cookie aide ensuite \u00e0 analyser le trafic web ou vous permet de savoir quand vous visitez un site web particulier.\n\nLes cookies permettent ensuite aux applications web de vous r\u00e9pondre. L'application web peut adapter ses op\u00e9rations \u00e0 vos besoins particuliers. Elle apprend ce que vous aimez et ce que vous n'aimez pas en recueillant et en m\u00e9morisant des informations sur vos pr\u00e9f\u00e9rences.\n\nNous utilisons des cookies de suivi du trafic pour identifier les pages du site web qui sont utilis\u00e9es. Cela nous aide \u00e0 analyser les donn\u00e9es relatives au trafic sur chaque page afin d'am\u00e9liorer le site web. Nous n'utilisons ces informations qu'\u00e0 des fins d'analyse statistique, puis les donn\u00e9es sont supprim\u00e9es du syst\u00e8me.\n\nLes cookies nous aident donc \u00e0 vous fournir, en tant que lecteur, un site web de bien meilleure qualit\u00e9. En effet, les cookies nous permettent de surveiller les pages que vous trouvez utiles et celles qui ne le sont pas. Un cookie ne nous donne pas acc\u00e8s \u00e0 votre ordinateur ni \u00e0 aucune information vous concernant, \u00e0 l'exception des donn\u00e9es que vous choisissez de partager avec nous.\n\nVous pouvez choisir d'accepter ou de refuser les cookies. C'est \u00e0 vous de choisir.\n\nLa majorit\u00e9 des navigateurs web acceptent automatiquement les cookies. Vous pouvez modifier les param\u00e8tres de votre navigateur pour refuser les cookies si vous le souhaitez. Cela peut vous emp\u00eacher de profiter pleinement du site web.\n\nVous trouverez de plus amples informations sur les cookies \u00e0 l'adresse suivante <a href=\"http:\/\/www.allaboutcookies.org\/\" target=\"_blank\" rel=\"noopener noreferrer\">www.allaboutcookies.org<\/a> and <a href=\"http:\/\/www.youronlinechoices.eu\/\" target=\"_blank\" rel=\"noopener noreferrer\">www.youronlinechoices.eu<\/a>.\t\t\t\t\t\t\t\t<\/div>\n\t\t\t\t<\/div>\n\t\t\t\t\t<\/div>\n\t\t\t\t<\/div>\n\t\t\t\t<\/div>","protected":false},"excerpt":{"rendered":"<p>Cookie Policy how our website uses cookies A cookie is a small file which asks permission to be placed on your computer\u2019s hard drive. Once you accept this, the file is then added. This cookie then helps to analyse web traffic or lets you know when you visit a particular website. Cookies then allow web [&hellip;]<\/p>\n","protected":false},"author":1,"featured_media":0,"parent":0,"menu_order":0,"comment_status":"closed","ping_status":"closed","template":"elementor_header_footer","meta":{"footnotes":""},"class_list":["post-2662","page","type-page","status-publish","hentry"],"_links":{"self":[{"href":"https:\/\/www.canfrareibiza.com\/fr\/wp-json\/wp\/v2\/pages\/2662","targetHints":{"allow":["GET"]}}],"collection":[{"href":"https:\/\/www.canfrareibiza.com\/fr\/wp-json\/wp\/v2\/pages"}],"about":[{"href":"https:\/\/www.canfrareibiza.com\/fr\/wp-json\/wp\/v2\/types\/page"}],"author":[{"embeddable":true,"href":"https:\/\/www.canfrareibiza.com\/fr\/wp-json\/wp\/v2\/users\/1"}],"replies":[{"embeddable":true,"href":"https:\/\/www.canfrareibiza.com\/fr\/wp-json\/wp\/v2\/comments?post=2662"}],"version-history":[{"count":0,"href":"https:\/\/www.canfrareibiza.com\/fr\/wp-json\/wp\/v2\/pages\/2662\/revisions"}],"wp:attachment":[{"href":"https:\/\/www.canfrareibiza.com\/fr\/wp-json\/wp\/v2\/media?parent=2662"}],"curies":[{"name":"wp","href":"https:\/\/api.w.org\/{rel}","templated":true}]}}